{"id":7409,"date":"2022-09-07T15:38:09","date_gmt":"2022-09-07T18:38:09","guid":{"rendered":"http:\/\/vriic.usach.cl\/?page_id=7409"},"modified":"2024-05-15T19:13:25","modified_gmt":"2024-05-15T22:13:25","slug":"proyecto-ciencia-2030","status":"publish","type":"page","link":"https:\/\/vriic.usach.cl\/index.php\/proyecto-ciencia-2030\/","title":{"rendered":"Proyecto CIENCIA 2030"},"content":{"rendered":"\t\t<div data-elementor-type=\"wp-page\" data-elementor-id=\"7409\" class=\"elementor elementor-7409\" data-elementor-post-type=\"page\">\n\t\t\t\t\t\t<section class=\"elementor-section elementor-top-section elementor-element elementor-element-3d3a19d elementor-section-full_width elementor-section-stretched elementor-section-height-default elementor-section-height-default wpr-particle-no wpr-jarallax-no wpr-parallax-no wpr-sticky-section-no\" data-id=\"3d3a19d\" data-element_type=\"section\" data-settings=\"{&quot;stretch_section&quot;:&quot;section-stretched&quot;,&quot;background_background&quot;:&quot;classic&quot;}\">\n\t\t\t\t\t\t<div class=\"elementor-container elementor-column-gap-default\">\n\t\t\t\t\t<div class=\"elementor-column elementor-col-100 elementor-top-column elementor-element elementor-element-36788a2\" data-id=\"36788a2\" data-element_type=\"column\">\n\t\t\t<div class=\"elementor-widget-wrap elementor-element-populated\">\n\t\t\t\t\t\t<div class=\"elementor-element elementor-element-77c7cef elementor-widget elementor-widget-image\" data-id=\"77c7cef\" data-element_type=\"widget\" data-widget_type=\"image.default\">\n\t\t\t\t<div class=\"elementor-widget-container\">\n\t\t\t\t\t\t\t\t\t\t\t\t\t\t\t<img fetchpriority=\"high\" decoding=\"async\" width=\"2000\" height=\"610\" src=\"https:\/\/vriic.usach.cl\/wp-content\/uploads\/2022\/09\/ciencia2030.jpg\" class=\"attachment-full size-full wp-image-7417\" alt=\"\" \/>\t\t\t\t\t\t\t\t\t\t\t\t\t\t\t<\/div>\n\t\t\t\t<\/div>\n\t\t\t\t\t<\/div>\n\t\t<\/div>\n\t\t\t\t\t<\/div>\n\t\t<\/section>\n\t\t\t\t<section class=\"elementor-section elementor-top-section elementor-element elementor-element-8436672 elementor-section-boxed elementor-section-height-default elementor-section-height-default wpr-particle-no wpr-jarallax-no wpr-parallax-no wpr-sticky-section-no\" data-id=\"8436672\" data-element_type=\"section\">\n\t\t\t\t\t\t\t<div class=\"elementor-background-overlay\"><\/div>\n\t\t\t\t\t\t\t<div class=\"elementor-container elementor-column-gap-default\">\n\t\t\t\t\t<div class=\"elementor-column elementor-col-100 elementor-top-column elementor-element elementor-element-1f33e1f\" data-id=\"1f33e1f\" data-element_type=\"column\">\n\t\t\t<div class=\"elementor-widget-wrap elementor-element-populated\">\n\t\t\t\t\t\t\t<\/div>\n\t\t<\/div>\n\t\t\t\t\t<\/div>\n\t\t<\/section>\n\t\t\t\t<section class=\"elementor-section elementor-top-section elementor-element elementor-element-73dd2a7 elementor-section-full_width elementor-section-stretched elementor-section-height-default elementor-section-height-default wpr-particle-no wpr-jarallax-no wpr-parallax-no wpr-sticky-section-no\" data-id=\"73dd2a7\" data-element_type=\"section\" data-settings=\"{&quot;background_background&quot;:&quot;classic&quot;,&quot;stretch_section&quot;:&quot;section-stretched&quot;}\">\n\t\t\t\t\t\t\t<div class=\"elementor-background-overlay\"><\/div>\n\t\t\t\t\t\t\t<div class=\"elementor-container elementor-column-gap-default\">\n\t\t\t\t\t<div class=\"elementor-column elementor-col-100 elementor-top-column elementor-element elementor-element-9cdfc6e\" data-id=\"9cdfc6e\" data-element_type=\"column\" data-settings=\"{&quot;background_background&quot;:&quot;classic&quot;}\">\n\t\t\t<div class=\"elementor-widget-wrap elementor-element-populated\">\n\t\t\t\t\t\t<div class=\"elementor-element elementor-element-37d90fb elementor-widget elementor-widget-heading\" data-id=\"37d90fb\" data-element_type=\"widget\" data-widget_type=\"heading.default\">\n\t\t\t\t<div class=\"elementor-widget-container\">\n\t\t\t\t\t<h2 class=\"elementor-heading-title elementor-size-default\">PROYECTO <br><strong>CIENCIA 2030<\/strong><\/h2>\t\t\t\t<\/div>\n\t\t\t\t<\/div>\n\t\t\t\t<section class=\"elementor-section elementor-inner-section elementor-element elementor-element-bfe1902 elementor-section-boxed elementor-section-height-default elementor-section-height-default wpr-particle-no wpr-jarallax-no wpr-parallax-no wpr-sticky-section-no\" data-id=\"bfe1902\" data-element_type=\"section\">\n\t\t\t\t\t\t<div class=\"elementor-container elementor-column-gap-default\">\n\t\t\t\t\t<div class=\"elementor-column elementor-col-100 elementor-inner-column elementor-element elementor-element-1d0c9b2\" data-id=\"1d0c9b2\" data-element_type=\"column\">\n\t\t\t<div class=\"elementor-widget-wrap elementor-element-populated\">\n\t\t\t\t\t\t<div class=\"elementor-element elementor-element-5b8c59f elementor-widget elementor-widget-text-editor\" data-id=\"5b8c59f\" data-element_type=\"widget\" data-widget_type=\"text-editor.default\">\n\t\t\t\t<div class=\"elementor-widget-container\">\n\t\t\t\t\t\t\t\t\t<p><a href=\"https:\/\/www.scienceup.cl\/nosotros\/\"><b>Science Up<\/b><\/a> <span style=\"font-weight: 400;\">es un consorcio integrado por la Universidad de Santiago de Chile (USACH), Universidad Cat\u00f3lica del Norte (UCN) y Pontificia Universidad Cat\u00f3lica de Valpara\u00edso (PUCV) quienes se adjudicaron en conjunto el proyecto Ciencia e Innovaci\u00f3n para el 2030 de la CORFO, con el objetivo de implementar un plan de desarrollo estrat\u00e9gico que busque la transformaci\u00f3n de sus facultades de ciencias en \u00e1reas de pre y postgrado.<\/span><\/p><p><span style=\"font-weight: 400;\">Durante su primera etapa \u20142018 a 2020\u2014, el Consorcio realiz\u00f3 giras tecnol\u00f3gicas por Estados Unidos y Europa, lo que permiti\u00f3 hacer una comparativa internacional y desarrollar el plan estrat\u00e9gico que permitir\u00e1 que las facultades transiten a un desarrollo m\u00e1s conectado con la sociedad y el sector productivo.<\/span><\/p><p><span style=\"font-weight: 400;\">En la segunda etapa de implementaci\u00f3n \u20142021 a 2026\u2014, se busca incrementar la I+D, transferencia tecnol\u00f3gica, innovaci\u00f3n y emprendimiento de base cient\u00edfico-tecnol\u00f3gica en las facultades de ciencias, a trav\u00e9s de la participaci\u00f3n de sus acad\u00e9micos, investigadores y estudiantes de pre y postgrado.<\/span><\/p><p><span style=\"font-weight: 400;\">Organismo financiador: CORFO; Monto subvenci\u00f3n: $1.000 Millones, A\u00f1os: 2022-2024.<\/span><\/p>\t\t\t\t\t\t\t\t<\/div>\n\t\t\t\t<\/div>\n\t\t\t\t\t<\/div>\n\t\t<\/div>\n\t\t\t\t\t<\/div>\n\t\t<\/section>\n\t\t\t\t\t<\/div>\n\t\t<\/div>\n\t\t\t\t\t<\/div>\n\t\t<\/section>\n\t\t\t\t<\/div>\n\t\t","protected":false},"excerpt":{"rendered":"<p>PROYECTO CIENCIA 2030 Science Up es un consorcio integrado por la Universidad de Santiago de Chile (USACH), Universidad Cat\u00f3lica del Norte (UCN) y Pontificia Universidad Cat\u00f3lica de Valpara\u00edso (PUCV) quienes [&hellip;]<\/p>\n","protected":false},"author":1,"featured_media":0,"parent":0,"menu_order":0,"comment_status":"closed","ping_status":"closed","template":"elementor_header_footer","meta":{"inline_featured_image":false,"_monsterinsights_skip_tracking":false,"_monsterinsights_sitenote_active":false,"_monsterinsights_sitenote_note":"","_monsterinsights_sitenote_category":0,"site-sidebar-layout":"no-sidebar","site-content-layout":"page-builder","ast-site-content-layout":"","site-content-style":"default","site-sidebar-style":"default","ast-global-header-display":"","ast-banner-title-visibility":"","ast-main-header-display":"","ast-hfb-above-header-display":"","ast-hfb-below-header-display":"","ast-hfb-mobile-header-display":"","site-post-title":"disabled","ast-breadcrumbs-content":"","ast-featured-img":"disabled","footer-sml-layout":"","theme-transparent-header-meta":"default","adv-header-id-meta":"","stick-header-meta":"","header-above-stick-meta":"","header-main-stick-meta":"","header-below-stick-meta":"","astra-migrate-meta-layouts":"default","ast-page-background-enabled":"default","ast-page-background-meta":{"desktop":{"background-color":"","background-image":"","background-repeat":"repeat","background-position":"center center","background-size":"auto","background-attachment":"scroll","background-type":"","background-media":"","overlay-type":"","overlay-color":"","overlay-gradient":""},"tablet":{"background-color":"","background-image":"","background-repeat":"repeat","background-position":"center center","background-size":"auto","background-attachment":"scroll","background-type":"","background-media":"","overlay-type":"","overlay-color":"","overlay-gradient":""},"mobile":{"background-color":"","background-image":"","background-repeat":"repeat","background-position":"center center","background-size":"auto","background-attachment":"scroll","background-type":"","background-media":"","overlay-type":"","overlay-color":"","overlay-gradient":""}},"ast-content-background-meta":{"desktop":{"background-color":"var(--ast-global-color-5)","background-image":"","background-repeat":"repeat","background-position":"center center","background-size":"auto","background-attachment":"scroll","background-type":"","background-media":"","overlay-type":"","overlay-color":"","overlay-gradient":""},"tablet":{"background-color":"var(--ast-global-color-5)","background-image":"","background-repeat":"repeat","background-position":"center center","background-size":"auto","background-attachment":"scroll","background-type":"","background-media":"","overlay-type":"","overlay-color":"","overlay-gradient":""},"mobile":{"background-color":"var(--ast-global-color-5)","background-image":"","background-repeat":"repeat","background-position":"center center","background-size":"auto","background-attachment":"scroll","background-type":"","background-media":"","overlay-type":"","overlay-color":"","overlay-gradient":""}},"footnotes":""},"class_list":["post-7409","page","type-page","status-publish","hentry"],"yoast_head":"<!-- This site is optimized with the Yoast SEO plugin v22.3 - https:\/\/yoast.com\/wordpress\/plugins\/seo\/ -->\n<title>Proyecto CIENCIA 2030 - VRIIC<\/title>\n<meta name=\"robots\" content=\"index, follow, max-snippet:-1, max-image-preview:large, max-video-preview:-1\" \/>\n<link rel=\"canonical\" href=\"https:\/\/vriic.usach.cl\/index.php\/proyecto-ciencia-2030\/\" \/>\n<meta property=\"og:locale\" content=\"es_ES\" \/>\n<meta property=\"og:type\" content=\"article\" \/>\n<meta property=\"og:title\" content=\"Proyecto CIENCIA 2030 - VRIIC\" \/>\n<meta property=\"og:description\" content=\"PROYECTO CIENCIA 2030 Science Up es un consorcio integrado por la Universidad de Santiago de Chile (USACH), Universidad Cat\u00f3lica del Norte (UCN) y Pontificia Universidad Cat\u00f3lica de Valpara\u00edso (PUCV) quienes [&hellip;]\" \/>\n<meta property=\"og:url\" content=\"https:\/\/vriic.usach.cl\/index.php\/proyecto-ciencia-2030\/\" \/>\n<meta property=\"og:site_name\" content=\"VRIIC\" \/>\n<meta property=\"article:modified_time\" content=\"2024-05-15T22:13:25+00:00\" \/>\n<meta property=\"og:image\" content=\"http:\/\/vriic.usach.cl\/wp-content\/uploads\/2022\/09\/ciencia2030.jpg\" \/>\n<meta name=\"twitter:card\" content=\"summary_large_image\" \/>\n<meta name=\"twitter:label1\" content=\"Est. reading time\" \/>\n\t<meta name=\"twitter:data1\" content=\"1 minuto\" \/>\n<script type=\"application\/ld+json\" class=\"yoast-schema-graph\">{\"@context\":\"https:\/\/schema.org\",\"@graph\":[{\"@type\":\"WebPage\",\"@id\":\"https:\/\/vriic.usach.cl\/index.php\/proyecto-ciencia-2030\/\",\"url\":\"https:\/\/vriic.usach.cl\/index.php\/proyecto-ciencia-2030\/\",\"name\":\"Proyecto CIENCIA 2030 - VRIIC\",\"isPartOf\":{\"@id\":\"https:\/\/vriic.usach.cl\/#website\"},\"primaryImageOfPage\":{\"@id\":\"https:\/\/vriic.usach.cl\/index.php\/proyecto-ciencia-2030\/#primaryimage\"},\"image\":{\"@id\":\"https:\/\/vriic.usach.cl\/index.php\/proyecto-ciencia-2030\/#primaryimage\"},\"thumbnailUrl\":\"http:\/\/vriic.usach.cl\/wp-content\/uploads\/2022\/09\/ciencia2030.jpg\",\"datePublished\":\"2022-09-07T18:38:09+00:00\",\"dateModified\":\"2024-05-15T22:13:25+00:00\",\"breadcrumb\":{\"@id\":\"https:\/\/vriic.usach.cl\/index.php\/proyecto-ciencia-2030\/#breadcrumb\"},\"inLanguage\":\"es-CL\",\"potentialAction\":[{\"@type\":\"ReadAction\",\"target\":[\"https:\/\/vriic.usach.cl\/index.php\/proyecto-ciencia-2030\/\"]}]},{\"@type\":\"ImageObject\",\"inLanguage\":\"es-CL\",\"@id\":\"https:\/\/vriic.usach.cl\/index.php\/proyecto-ciencia-2030\/#primaryimage\",\"url\":\"https:\/\/vriic.usach.cl\/wp-content\/uploads\/2022\/09\/ciencia2030.jpg\",\"contentUrl\":\"https:\/\/vriic.usach.cl\/wp-content\/uploads\/2022\/09\/ciencia2030.jpg\",\"width\":2000,\"height\":610},{\"@type\":\"BreadcrumbList\",\"@id\":\"https:\/\/vriic.usach.cl\/index.php\/proyecto-ciencia-2030\/#breadcrumb\",\"itemListElement\":[{\"@type\":\"ListItem\",\"position\":1,\"name\":\"Portada\",\"item\":\"https:\/\/vriic.usach.cl\/\"},{\"@type\":\"ListItem\",\"position\":2,\"name\":\"Proyecto CIENCIA 2030\"}]},{\"@type\":\"WebSite\",\"@id\":\"https:\/\/vriic.usach.cl\/#website\",\"url\":\"https:\/\/vriic.usach.cl\/\",\"name\":\"VRIIC\",\"description\":\"Vicerrector\u00eda de Investigaci\u00f3n, Innovaci\u00f3n y Creaci\u00f3n\",\"publisher\":{\"@id\":\"https:\/\/vriic.usach.cl\/#organization\"},\"potentialAction\":[{\"@type\":\"SearchAction\",\"target\":{\"@type\":\"EntryPoint\",\"urlTemplate\":\"https:\/\/vriic.usach.cl\/?s={search_term_string}\"},\"query-input\":\"required name=search_term_string\"}],\"inLanguage\":\"es-CL\"},{\"@type\":\"Organization\",\"@id\":\"https:\/\/vriic.usach.cl\/#organization\",\"name\":\"VRIIC\",\"url\":\"https:\/\/vriic.usach.cl\/\",\"logo\":{\"@type\":\"ImageObject\",\"inLanguage\":\"es-CL\",\"@id\":\"https:\/\/vriic.usach.cl\/#\/schema\/logo\/image\/\",\"url\":\"https:\/\/vriic.usach.cl\/wp-content\/uploads\/2024\/05\/cropped-HISTORIA-C-min-1.png\",\"contentUrl\":\"https:\/\/vriic.usach.cl\/wp-content\/uploads\/2024\/05\/cropped-HISTORIA-C-min-1.png\",\"width\":966,\"height\":228,\"caption\":\"VRIIC\"},\"image\":{\"@id\":\"https:\/\/vriic.usach.cl\/#\/schema\/logo\/image\/\"}}]}<\/script>\n<!-- \/ Yoast SEO plugin. -->","yoast_head_json":{"title":"Proyecto CIENCIA 2030 - VRIIC","robots":{"index":"index","follow":"follow","max-snippet":"max-snippet:-1","max-image-preview":"max-image-preview:large","max-video-preview":"max-video-preview:-1"},"canonical":"https:\/\/vriic.usach.cl\/index.php\/proyecto-ciencia-2030\/","og_locale":"es_ES","og_type":"article","og_title":"Proyecto CIENCIA 2030 - VRIIC","og_description":"PROYECTO CIENCIA 2030 Science Up es un consorcio integrado por la Universidad de Santiago de Chile (USACH), Universidad Cat\u00f3lica del Norte (UCN) y Pontificia Universidad Cat\u00f3lica de Valpara\u00edso (PUCV) quienes [&hellip;]","og_url":"https:\/\/vriic.usach.cl\/index.php\/proyecto-ciencia-2030\/","og_site_name":"VRIIC","article_modified_time":"2024-05-15T22:13:25+00:00","og_image":[{"url":"http:\/\/vriic.usach.cl\/wp-content\/uploads\/2022\/09\/ciencia2030.jpg"}],"twitter_card":"summary_large_image","twitter_misc":{"Est. reading time":"1 minuto"},"schema":{"@context":"https:\/\/schema.org","@graph":[{"@type":"WebPage","@id":"https:\/\/vriic.usach.cl\/index.php\/proyecto-ciencia-2030\/","url":"https:\/\/vriic.usach.cl\/index.php\/proyecto-ciencia-2030\/","name":"Proyecto CIENCIA 2030 - VRIIC","isPartOf":{"@id":"https:\/\/vriic.usach.cl\/#website"},"primaryImageOfPage":{"@id":"https:\/\/vriic.usach.cl\/index.php\/proyecto-ciencia-2030\/#primaryimage"},"image":{"@id":"https:\/\/vriic.usach.cl\/index.php\/proyecto-ciencia-2030\/#primaryimage"},"thumbnailUrl":"http:\/\/vriic.usach.cl\/wp-content\/uploads\/2022\/09\/ciencia2030.jpg","datePublished":"2022-09-07T18:38:09+00:00","dateModified":"2024-05-15T22:13:25+00:00","breadcrumb":{"@id":"https:\/\/vriic.usach.cl\/index.php\/proyecto-ciencia-2030\/#breadcrumb"},"inLanguage":"es-CL","potentialAction":[{"@type":"ReadAction","target":["https:\/\/vriic.usach.cl\/index.php\/proyecto-ciencia-2030\/"]}]},{"@type":"ImageObject","inLanguage":"es-CL","@id":"https:\/\/vriic.usach.cl\/index.php\/proyecto-ciencia-2030\/#primaryimage","url":"https:\/\/vriic.usach.cl\/wp-content\/uploads\/2022\/09\/ciencia2030.jpg","contentUrl":"https:\/\/vriic.usach.cl\/wp-content\/uploads\/2022\/09\/ciencia2030.jpg","width":2000,"height":610},{"@type":"BreadcrumbList","@id":"https:\/\/vriic.usach.cl\/index.php\/proyecto-ciencia-2030\/#breadcrumb","itemListElement":[{"@type":"ListItem","position":1,"name":"Portada","item":"https:\/\/vriic.usach.cl\/"},{"@type":"ListItem","position":2,"name":"Proyecto CIENCIA 2030"}]},{"@type":"WebSite","@id":"https:\/\/vriic.usach.cl\/#website","url":"https:\/\/vriic.usach.cl\/","name":"VRIIC","description":"Vicerrector\u00eda de Investigaci\u00f3n, Innovaci\u00f3n y Creaci\u00f3n","publisher":{"@id":"https:\/\/vriic.usach.cl\/#organization"},"potentialAction":[{"@type":"SearchAction","target":{"@type":"EntryPoint","urlTemplate":"https:\/\/vriic.usach.cl\/?s={search_term_string}"},"query-input":"required name=search_term_string"}],"inLanguage":"es-CL"},{"@type":"Organization","@id":"https:\/\/vriic.usach.cl\/#organization","name":"VRIIC","url":"https:\/\/vriic.usach.cl\/","logo":{"@type":"ImageObject","inLanguage":"es-CL","@id":"https:\/\/vriic.usach.cl\/#\/schema\/logo\/image\/","url":"https:\/\/vriic.usach.cl\/wp-content\/uploads\/2024\/05\/cropped-HISTORIA-C-min-1.png","contentUrl":"https:\/\/vriic.usach.cl\/wp-content\/uploads\/2024\/05\/cropped-HISTORIA-C-min-1.png","width":966,"height":228,"caption":"VRIIC"},"image":{"@id":"https:\/\/vriic.usach.cl\/#\/schema\/logo\/image\/"}}]}},"rttpg_featured_image_url":null,"rttpg_author":{"display_name":"Comunicaciones VRIIC","author_link":"https:\/\/vriic.usach.cl\/index.php\/author\/adminvridei\/"},"rttpg_comment":0,"rttpg_category":null,"rttpg_excerpt":"PROYECTO CIENCIA 2030 Science Up es un consorcio integrado por la Universidad de Santiago de Chile (USACH), Universidad Cat\u00f3lica del Norte (UCN) y Pontificia Universidad Cat\u00f3lica de Valpara\u00edso (PUCV) quienes [&hellip;]","_links":{"self":[{"href":"https:\/\/vriic.usach.cl\/index.php\/wp-json\/wp\/v2\/pages\/7409","targetHints":{"allow":["GET"]}}],"collection":[{"href":"https:\/\/vriic.usach.cl\/index.php\/wp-json\/wp\/v2\/pages"}],"about":[{"href":"https:\/\/vriic.usach.cl\/index.php\/wp-json\/wp\/v2\/types\/page"}],"author":[{"embeddable":true,"href":"https:\/\/vriic.usach.cl\/index.php\/wp-json\/wp\/v2\/users\/1"}],"replies":[{"embeddable":true,"href":"https:\/\/vriic.usach.cl\/index.php\/wp-json\/wp\/v2\/comments?post=7409"}],"version-history":[{"count":19,"href":"https:\/\/vriic.usach.cl\/index.php\/wp-json\/wp\/v2\/pages\/7409\/revisions"}],"predecessor-version":[{"id":16308,"href":"https:\/\/vriic.usach.cl\/index.php\/wp-json\/wp\/v2\/pages\/7409\/revisions\/16308"}],"wp:attachment":[{"href":"https:\/\/vriic.usach.cl\/index.php\/wp-json\/wp\/v2\/media?parent=7409"}],"curies":[{"name":"wp","href":"https:\/\/api.w.org\/{rel}","templated":true}]}}