{"id":7358,"date":"2022-09-07T14:47:13","date_gmt":"2022-09-07T17:47:13","guid":{"rendered":"http:\/\/vriic.usach.cl\/?page_id=7358"},"modified":"2024-05-15T19:13:21","modified_gmt":"2024-05-15T22:13:21","slug":"ingenieria-2030","status":"publish","type":"page","link":"https:\/\/vriic.usach.cl\/index.php\/ingenieria-2030\/","title":{"rendered":"INGENIER\u00cdA 2030"},"content":{"rendered":"\t\t<div data-elementor-type=\"wp-page\" data-elementor-id=\"7358\" class=\"elementor elementor-7358\" data-elementor-post-type=\"page\">\n\t\t\t\t\t\t<section class=\"elementor-section elementor-top-section elementor-element elementor-element-fab6503 elementor-section-full_width elementor-section-stretched elementor-section-height-default elementor-section-height-default wpr-particle-no wpr-jarallax-no wpr-parallax-no wpr-sticky-section-no\" data-id=\"fab6503\" data-element_type=\"section\" data-settings=\"{&quot;stretch_section&quot;:&quot;section-stretched&quot;,&quot;background_background&quot;:&quot;classic&quot;}\">\n\t\t\t\t\t\t<div class=\"elementor-container elementor-column-gap-default\">\n\t\t\t\t\t<div class=\"elementor-column elementor-col-100 elementor-top-column elementor-element elementor-element-7cc3485\" data-id=\"7cc3485\" data-element_type=\"column\">\n\t\t\t<div class=\"elementor-widget-wrap elementor-element-populated\">\n\t\t\t\t\t\t<div class=\"elementor-element elementor-element-e40e3cc elementor-widget elementor-widget-image\" data-id=\"e40e3cc\" data-element_type=\"widget\" data-widget_type=\"image.default\">\n\t\t\t\t<div class=\"elementor-widget-container\">\n\t\t\t\t\t\t\t\t\t\t\t\t\t\t\t<img fetchpriority=\"high\" decoding=\"async\" width=\"2000\" height=\"610\" src=\"https:\/\/vriic.usach.cl\/wp-content\/uploads\/2022\/09\/ING2030.jpg\" class=\"attachment-full size-full wp-image-7361\" alt=\"\" \/>\t\t\t\t\t\t\t\t\t\t\t\t\t\t\t<\/div>\n\t\t\t\t<\/div>\n\t\t\t\t\t<\/div>\n\t\t<\/div>\n\t\t\t\t\t<\/div>\n\t\t<\/section>\n\t\t\t\t<section class=\"elementor-section elementor-top-section elementor-element elementor-element-fbf394c elementor-section-boxed elementor-section-height-default elementor-section-height-default wpr-particle-no wpr-jarallax-no wpr-parallax-no wpr-sticky-section-no\" data-id=\"fbf394c\" data-element_type=\"section\">\n\t\t\t\t\t\t\t<div class=\"elementor-background-overlay\"><\/div>\n\t\t\t\t\t\t\t<div class=\"elementor-container elementor-column-gap-default\">\n\t\t\t\t\t<div class=\"elementor-column elementor-col-100 elementor-top-column elementor-element elementor-element-febbc87\" data-id=\"febbc87\" data-element_type=\"column\">\n\t\t\t<div class=\"elementor-widget-wrap elementor-element-populated\">\n\t\t\t\t\t\t\t<\/div>\n\t\t<\/div>\n\t\t\t\t\t<\/div>\n\t\t<\/section>\n\t\t\t\t<section class=\"elementor-section elementor-top-section elementor-element elementor-element-b174679 elementor-section-full_width elementor-section-stretched elementor-section-height-default elementor-section-height-default wpr-particle-no wpr-jarallax-no wpr-parallax-no wpr-sticky-section-no\" data-id=\"b174679\" data-element_type=\"section\" data-settings=\"{&quot;background_background&quot;:&quot;classic&quot;,&quot;stretch_section&quot;:&quot;section-stretched&quot;}\">\n\t\t\t\t\t\t\t<div class=\"elementor-background-overlay\"><\/div>\n\t\t\t\t\t\t\t<div class=\"elementor-container elementor-column-gap-default\">\n\t\t\t\t\t<div class=\"elementor-column elementor-col-100 elementor-top-column elementor-element elementor-element-cd912fc\" data-id=\"cd912fc\" data-element_type=\"column\" data-settings=\"{&quot;background_background&quot;:&quot;classic&quot;}\">\n\t\t\t<div class=\"elementor-widget-wrap elementor-element-populated\">\n\t\t\t\t\t\t<div class=\"elementor-element elementor-element-0e15aee elementor-widget elementor-widget-heading\" data-id=\"0e15aee\" data-element_type=\"widget\" data-widget_type=\"heading.default\">\n\t\t\t\t<div class=\"elementor-widget-container\">\n\t\t\t\t\t<h2 class=\"elementor-heading-title elementor-size-default\">PROYECTO <br><strong>INGENIER\u00cdA 2030<\/strong><\/h2>\t\t\t\t<\/div>\n\t\t\t\t<\/div>\n\t\t\t\t<section class=\"elementor-section elementor-inner-section elementor-element elementor-element-f917a67 elementor-section-boxed elementor-section-height-default elementor-section-height-default wpr-particle-no wpr-jarallax-no wpr-parallax-no wpr-sticky-section-no\" data-id=\"f917a67\" data-element_type=\"section\">\n\t\t\t\t\t\t<div class=\"elementor-container elementor-column-gap-default\">\n\t\t\t\t\t<div class=\"elementor-column elementor-col-100 elementor-inner-column elementor-element elementor-element-c10fd26\" data-id=\"c10fd26\" data-element_type=\"column\">\n\t\t\t<div class=\"elementor-widget-wrap elementor-element-populated\">\n\t\t\t\t\t\t<div class=\"elementor-element elementor-element-4e83bce elementor-widget elementor-widget-text-editor\" data-id=\"4e83bce\" data-element_type=\"widget\" data-widget_type=\"text-editor.default\">\n\t\t\t\t<div class=\"elementor-widget-container\">\n\t\t\t\t\t\t\t\t\t<p><span style=\"font-weight: 400;\">Durante el a\u00f1o 2022, la Facultad de Ingenier\u00eda se adjudic\u00f3\u00a0 la tercera etapa del Proyecto Ingenier\u00eda 2030, el cual busca\u00a0lograr la sustentabilidad de las transformaciones institucionales realizadas durante la etapa de implementaci\u00f3n de los planes estrat\u00e9gicos en las facultades de Ingenier\u00eda. Esto, a partir de la operaci\u00f3n y consolidaci\u00f3n de iniciativas estrat\u00e9gicas en los \u00e1mbitos de formaci\u00f3n en Ingenier\u00eda, investigaci\u00f3n aplicada, emprendimiento, innovaci\u00f3n y transferencia hacia la industria, gesti\u00f3n del cambio y gobernanza.<\/span><\/p><p><span style=\"font-weight: 400;\">Entre los principales desaf\u00edos para esta nueva etapa est\u00e1 el fortalecimiento de la internacionalizaci\u00f3n, es decir, darle la oportunidad a los estudiantes de que alcancen a tener una experiencia internacional durante su formaci\u00f3n. Adem\u00e1s, la iniciativa pretende\u00a0 aprovechar la multiplicidad de convenios en favor de la I+D; potenciar la nueva trayectoria curricular de innovaci\u00f3n y emprendimiento hasta alcanzar la operativizaci\u00f3n de las 10 asignaturas formativas.\u00a0<\/span><\/p><p><span style=\"font-weight: 400;\">Lo anterior, implica seguir apostando por una innovaci\u00f3n tecnol\u00f3gica multidisciplinaria y facilitando la transferencia tecnol\u00f3gica a la industria y la sociedad; consolidar la cultura de emprendimiento impulsada desde este proyecto y que ha logrado permear hasta las capas directivas de nuestra universidad, y ser m\u00e1s concretos en la urgencia de motivar a un mayor n\u00famero de mujeres a estudiar Ingenier\u00eda.\u00a0<\/span><\/p><p><span style=\"font-weight: 400;\">Organismo financiador: CORFO; Monto subvencio\u0301n: $1.000 Millones, An\u0303os: 2022-2024.\u00a0<\/span><\/p><p><br \/><br \/><\/p>\t\t\t\t\t\t\t\t<\/div>\n\t\t\t\t<\/div>\n\t\t\t\t\t<\/div>\n\t\t<\/div>\n\t\t\t\t\t<\/div>\n\t\t<\/section>\n\t\t\t\t\t<\/div>\n\t\t<\/div>\n\t\t\t\t\t<\/div>\n\t\t<\/section>\n\t\t\t\t<\/div>\n\t\t","protected":false},"excerpt":{"rendered":"<p>PROYECTO INGENIER\u00cdA 2030 Durante el a\u00f1o 2022, la Facultad de Ingenier\u00eda se adjudic\u00f3\u00a0 la tercera etapa del Proyecto Ingenier\u00eda 2030, el cual busca\u00a0lograr la sustentabilidad de las transformaciones institucionales realizadas [&hellip;]<\/p>\n","protected":false},"author":1,"featured_media":0,"parent":0,"menu_order":0,"comment_status":"closed","ping_status":"closed","template":"elementor_header_footer","meta":{"inline_featured_image":false,"_monsterinsights_skip_tracking":false,"_monsterinsights_sitenote_active":false,"_monsterinsights_sitenote_note":"","_monsterinsights_sitenote_category":0,"site-sidebar-layout":"no-sidebar","site-content-layout":"page-builder","ast-site-content-layout":"","site-content-style":"default","site-sidebar-style":"default","ast-global-header-display":"","ast-banner-title-visibility":"","ast-main-header-display":"","ast-hfb-above-header-display":"","ast-hfb-below-header-display":"","ast-hfb-mobile-header-display":"","site-post-title":"disabled","ast-breadcrumbs-content":"","ast-featured-img":"disabled","footer-sml-layout":"","theme-transparent-header-meta":"default","adv-header-id-meta":"","stick-header-meta":"","header-above-stick-meta":"","header-main-stick-meta":"","header-below-stick-meta":"","astra-migrate-meta-layouts":"default","ast-page-background-enabled":"default","ast-page-background-meta":{"desktop":{"background-color":"","background-image":"","background-repeat":"repeat","background-position":"center center","background-size":"auto","background-attachment":"scroll","background-type":"","background-media":"","overlay-type":"","overlay-color":"","overlay-gradient":""},"tablet":{"background-color":"","background-image":"","background-repeat":"repeat","background-position":"center center","background-size":"auto","background-attachment":"scroll","background-type":"","background-media":"","overlay-type":"","overlay-color":"","overlay-gradient":""},"mobile":{"background-color":"","background-image":"","background-repeat":"repeat","background-position":"center center","background-size":"auto","background-attachment":"scroll","background-type":"","background-media":"","overlay-type":"","overlay-color":"","overlay-gradient":""}},"ast-content-background-meta":{"desktop":{"background-color":"var(--ast-global-color-5)","background-image":"","background-repeat":"repeat","background-position":"center center","background-size":"auto","background-attachment":"scroll","background-type":"","background-media":"","overlay-type":"","overlay-color":"","overlay-gradient":""},"tablet":{"background-color":"var(--ast-global-color-5)","background-image":"","background-repeat":"repeat","background-position":"center center","background-size":"auto","background-attachment":"scroll","background-type":"","background-media":"","overlay-type":"","overlay-color":"","overlay-gradient":""},"mobile":{"background-color":"var(--ast-global-color-5)","background-image":"","background-repeat":"repeat","background-position":"center center","background-size":"auto","background-attachment":"scroll","background-type":"","background-media":"","overlay-type":"","overlay-color":"","overlay-gradient":""}},"footnotes":""},"class_list":["post-7358","page","type-page","status-publish","hentry"],"yoast_head":"<!-- This site is optimized with the Yoast SEO plugin v22.3 - https:\/\/yoast.com\/wordpress\/plugins\/seo\/ -->\n<title>INGENIER\u00cdA 2030 - VRIIC<\/title>\n<meta name=\"robots\" content=\"index, follow, max-snippet:-1, max-image-preview:large, max-video-preview:-1\" \/>\n<link rel=\"canonical\" href=\"https:\/\/vriic.usach.cl\/index.php\/ingenieria-2030\/\" \/>\n<meta property=\"og:locale\" content=\"es_ES\" \/>\n<meta property=\"og:type\" content=\"article\" \/>\n<meta property=\"og:title\" content=\"INGENIER\u00cdA 2030 - VRIIC\" \/>\n<meta property=\"og:description\" content=\"PROYECTO INGENIER\u00cdA 2030 Durante el a\u00f1o 2022, la Facultad de Ingenier\u00eda se adjudic\u00f3\u00a0 la tercera etapa del Proyecto Ingenier\u00eda 2030, el cual busca\u00a0lograr la sustentabilidad de las transformaciones institucionales realizadas [&hellip;]\" \/>\n<meta property=\"og:url\" content=\"https:\/\/vriic.usach.cl\/index.php\/ingenieria-2030\/\" \/>\n<meta property=\"og:site_name\" content=\"VRIIC\" \/>\n<meta property=\"article:modified_time\" content=\"2024-05-15T22:13:21+00:00\" \/>\n<meta property=\"og:image\" content=\"http:\/\/vriic.usach.cl\/wp-content\/uploads\/2022\/09\/ING2030.jpg\" \/>\n<meta name=\"twitter:card\" content=\"summary_large_image\" \/>\n<meta name=\"twitter:label1\" content=\"Est. reading time\" \/>\n\t<meta name=\"twitter:data1\" content=\"2 minutos\" \/>\n<script type=\"application\/ld+json\" class=\"yoast-schema-graph\">{\"@context\":\"https:\/\/schema.org\",\"@graph\":[{\"@type\":\"WebPage\",\"@id\":\"https:\/\/vriic.usach.cl\/index.php\/ingenieria-2030\/\",\"url\":\"https:\/\/vriic.usach.cl\/index.php\/ingenieria-2030\/\",\"name\":\"INGENIER\u00cdA 2030 - VRIIC\",\"isPartOf\":{\"@id\":\"https:\/\/vriic.usach.cl\/#website\"},\"primaryImageOfPage\":{\"@id\":\"https:\/\/vriic.usach.cl\/index.php\/ingenieria-2030\/#primaryimage\"},\"image\":{\"@id\":\"https:\/\/vriic.usach.cl\/index.php\/ingenieria-2030\/#primaryimage\"},\"thumbnailUrl\":\"http:\/\/vriic.usach.cl\/wp-content\/uploads\/2022\/09\/ING2030.jpg\",\"datePublished\":\"2022-09-07T17:47:13+00:00\",\"dateModified\":\"2024-05-15T22:13:21+00:00\",\"breadcrumb\":{\"@id\":\"https:\/\/vriic.usach.cl\/index.php\/ingenieria-2030\/#breadcrumb\"},\"inLanguage\":\"es-CL\",\"potentialAction\":[{\"@type\":\"ReadAction\",\"target\":[\"https:\/\/vriic.usach.cl\/index.php\/ingenieria-2030\/\"]}]},{\"@type\":\"ImageObject\",\"inLanguage\":\"es-CL\",\"@id\":\"https:\/\/vriic.usach.cl\/index.php\/ingenieria-2030\/#primaryimage\",\"url\":\"https:\/\/vriic.usach.cl\/wp-content\/uploads\/2022\/09\/ING2030.jpg\",\"contentUrl\":\"https:\/\/vriic.usach.cl\/wp-content\/uploads\/2022\/09\/ING2030.jpg\",\"width\":2000,\"height\":610},{\"@type\":\"BreadcrumbList\",\"@id\":\"https:\/\/vriic.usach.cl\/index.php\/ingenieria-2030\/#breadcrumb\",\"itemListElement\":[{\"@type\":\"ListItem\",\"position\":1,\"name\":\"Portada\",\"item\":\"https:\/\/vriic.usach.cl\/\"},{\"@type\":\"ListItem\",\"position\":2,\"name\":\"INGENIER\u00cdA 2030\"}]},{\"@type\":\"WebSite\",\"@id\":\"https:\/\/vriic.usach.cl\/#website\",\"url\":\"https:\/\/vriic.usach.cl\/\",\"name\":\"VRIIC\",\"description\":\"Vicerrector\u00eda de Investigaci\u00f3n, Innovaci\u00f3n y Creaci\u00f3n\",\"publisher\":{\"@id\":\"https:\/\/vriic.usach.cl\/#organization\"},\"potentialAction\":[{\"@type\":\"SearchAction\",\"target\":{\"@type\":\"EntryPoint\",\"urlTemplate\":\"https:\/\/vriic.usach.cl\/?s={search_term_string}\"},\"query-input\":\"required name=search_term_string\"}],\"inLanguage\":\"es-CL\"},{\"@type\":\"Organization\",\"@id\":\"https:\/\/vriic.usach.cl\/#organization\",\"name\":\"VRIIC\",\"url\":\"https:\/\/vriic.usach.cl\/\",\"logo\":{\"@type\":\"ImageObject\",\"inLanguage\":\"es-CL\",\"@id\":\"https:\/\/vriic.usach.cl\/#\/schema\/logo\/image\/\",\"url\":\"https:\/\/vriic.usach.cl\/wp-content\/uploads\/2024\/05\/cropped-HISTORIA-C-min-1.png\",\"contentUrl\":\"https:\/\/vriic.usach.cl\/wp-content\/uploads\/2024\/05\/cropped-HISTORIA-C-min-1.png\",\"width\":966,\"height\":228,\"caption\":\"VRIIC\"},\"image\":{\"@id\":\"https:\/\/vriic.usach.cl\/#\/schema\/logo\/image\/\"}}]}<\/script>\n<!-- \/ Yoast SEO plugin. -->","yoast_head_json":{"title":"INGENIER\u00cdA 2030 - VRIIC","robots":{"index":"index","follow":"follow","max-snippet":"max-snippet:-1","max-image-preview":"max-image-preview:large","max-video-preview":"max-video-preview:-1"},"canonical":"https:\/\/vriic.usach.cl\/index.php\/ingenieria-2030\/","og_locale":"es_ES","og_type":"article","og_title":"INGENIER\u00cdA 2030 - VRIIC","og_description":"PROYECTO INGENIER\u00cdA 2030 Durante el a\u00f1o 2022, la Facultad de Ingenier\u00eda se adjudic\u00f3\u00a0 la tercera etapa del Proyecto Ingenier\u00eda 2030, el cual busca\u00a0lograr la sustentabilidad de las transformaciones institucionales realizadas [&hellip;]","og_url":"https:\/\/vriic.usach.cl\/index.php\/ingenieria-2030\/","og_site_name":"VRIIC","article_modified_time":"2024-05-15T22:13:21+00:00","og_image":[{"url":"http:\/\/vriic.usach.cl\/wp-content\/uploads\/2022\/09\/ING2030.jpg"}],"twitter_card":"summary_large_image","twitter_misc":{"Est. reading time":"2 minutos"},"schema":{"@context":"https:\/\/schema.org","@graph":[{"@type":"WebPage","@id":"https:\/\/vriic.usach.cl\/index.php\/ingenieria-2030\/","url":"https:\/\/vriic.usach.cl\/index.php\/ingenieria-2030\/","name":"INGENIER\u00cdA 2030 - VRIIC","isPartOf":{"@id":"https:\/\/vriic.usach.cl\/#website"},"primaryImageOfPage":{"@id":"https:\/\/vriic.usach.cl\/index.php\/ingenieria-2030\/#primaryimage"},"image":{"@id":"https:\/\/vriic.usach.cl\/index.php\/ingenieria-2030\/#primaryimage"},"thumbnailUrl":"http:\/\/vriic.usach.cl\/wp-content\/uploads\/2022\/09\/ING2030.jpg","datePublished":"2022-09-07T17:47:13+00:00","dateModified":"2024-05-15T22:13:21+00:00","breadcrumb":{"@id":"https:\/\/vriic.usach.cl\/index.php\/ingenieria-2030\/#breadcrumb"},"inLanguage":"es-CL","potentialAction":[{"@type":"ReadAction","target":["https:\/\/vriic.usach.cl\/index.php\/ingenieria-2030\/"]}]},{"@type":"ImageObject","inLanguage":"es-CL","@id":"https:\/\/vriic.usach.cl\/index.php\/ingenieria-2030\/#primaryimage","url":"https:\/\/vriic.usach.cl\/wp-content\/uploads\/2022\/09\/ING2030.jpg","contentUrl":"https:\/\/vriic.usach.cl\/wp-content\/uploads\/2022\/09\/ING2030.jpg","width":2000,"height":610},{"@type":"BreadcrumbList","@id":"https:\/\/vriic.usach.cl\/index.php\/ingenieria-2030\/#breadcrumb","itemListElement":[{"@type":"ListItem","position":1,"name":"Portada","item":"https:\/\/vriic.usach.cl\/"},{"@type":"ListItem","position":2,"name":"INGENIER\u00cdA 2030"}]},{"@type":"WebSite","@id":"https:\/\/vriic.usach.cl\/#website","url":"https:\/\/vriic.usach.cl\/","name":"VRIIC","description":"Vicerrector\u00eda de Investigaci\u00f3n, Innovaci\u00f3n y Creaci\u00f3n","publisher":{"@id":"https:\/\/vriic.usach.cl\/#organization"},"potentialAction":[{"@type":"SearchAction","target":{"@type":"EntryPoint","urlTemplate":"https:\/\/vriic.usach.cl\/?s={search_term_string}"},"query-input":"required name=search_term_string"}],"inLanguage":"es-CL"},{"@type":"Organization","@id":"https:\/\/vriic.usach.cl\/#organization","name":"VRIIC","url":"https:\/\/vriic.usach.cl\/","logo":{"@type":"ImageObject","inLanguage":"es-CL","@id":"https:\/\/vriic.usach.cl\/#\/schema\/logo\/image\/","url":"https:\/\/vriic.usach.cl\/wp-content\/uploads\/2024\/05\/cropped-HISTORIA-C-min-1.png","contentUrl":"https:\/\/vriic.usach.cl\/wp-content\/uploads\/2024\/05\/cropped-HISTORIA-C-min-1.png","width":966,"height":228,"caption":"VRIIC"},"image":{"@id":"https:\/\/vriic.usach.cl\/#\/schema\/logo\/image\/"}}]}},"rttpg_featured_image_url":null,"rttpg_author":{"display_name":"Comunicaciones VRIIC","author_link":"https:\/\/vriic.usach.cl\/index.php\/author\/adminvridei\/"},"rttpg_comment":0,"rttpg_category":null,"rttpg_excerpt":"PROYECTO INGENIER\u00cdA 2030 Durante el a\u00f1o 2022, la Facultad de Ingenier\u00eda se adjudic\u00f3\u00a0 la tercera etapa del Proyecto Ingenier\u00eda 2030, el cual busca\u00a0lograr la sustentabilidad de las transformaciones institucionales realizadas [&hellip;]","_links":{"self":[{"href":"https:\/\/vriic.usach.cl\/index.php\/wp-json\/wp\/v2\/pages\/7358","targetHints":{"allow":["GET"]}}],"collection":[{"href":"https:\/\/vriic.usach.cl\/index.php\/wp-json\/wp\/v2\/pages"}],"about":[{"href":"https:\/\/vriic.usach.cl\/index.php\/wp-json\/wp\/v2\/types\/page"}],"author":[{"embeddable":true,"href":"https:\/\/vriic.usach.cl\/index.php\/wp-json\/wp\/v2\/users\/1"}],"replies":[{"embeddable":true,"href":"https:\/\/vriic.usach.cl\/index.php\/wp-json\/wp\/v2\/comments?post=7358"}],"version-history":[{"count":20,"href":"https:\/\/vriic.usach.cl\/index.php\/wp-json\/wp\/v2\/pages\/7358\/revisions"}],"predecessor-version":[{"id":16307,"href":"https:\/\/vriic.usach.cl\/index.php\/wp-json\/wp\/v2\/pages\/7358\/revisions\/16307"}],"wp:attachment":[{"href":"https:\/\/vriic.usach.cl\/index.php\/wp-json\/wp\/v2\/media?parent=7358"}],"curies":[{"name":"wp","href":"https:\/\/api.w.org\/{rel}","templated":true}]}}